{"id":52,"date":"2025-10-30T09:26:16","date_gmt":"2025-10-30T09:26:16","guid":{"rendered":"https:\/\/tainainimii.ro\/?page_id=52"},"modified":"2025-10-30T10:58:22","modified_gmt":"2025-10-30T10:58:22","slug":"acasa","status":"publish","type":"page","link":"https:\/\/tainainimii.ro\/","title":{"rendered":"Acas\u0103"},"content":{"rendered":"\n<div class=\"wp-block-group alignfull is-layout-flow wp-container-core-group-is-layout-f9cb6abc wp-block-group-is-layout-flow\" style=\"margin-top:0;margin-bottom:0\">\n<div class=\"wp-block-columns alignfull is-not-stacked-on-mobile is-layout-flex wp-container-core-columns-is-layout-e154fb6a wp-block-columns-is-layout-flex\" style=\"margin-top:0;margin-bottom:0;padding-top:var(--wp--preset--spacing--40);padding-right:var(--wp--preset--spacing--40);padding-bottom:var(--wp--preset--spacing--80);padding-left:var(--wp--preset--spacing--40)\">\n<div class=\"wp-block-column is-layout-flow wp-block-column-is-layout-flow\" style=\"flex-basis:66.66%\">\n<div class=\"wp-block-group is-vertical is-content-justification-stretch is-layout-flex wp-container-core-group-is-layout-7e003bba wp-block-group-is-layout-flex\">\n<h2 class=\"wp-block-heading has-xx-large-font-size\">\u201eNu tot ce doare e pierdere. Uneori, durerea e chemarea inimii \u00eenapoi spre adev\u0103r. Aici, r\u0103nile nu se ascund: se a\u0219az\u0103 la lumin\u0103, pentru a deveni \u00een timp pace.\u201d<\/h2>\n\n\n\n<p class=\"has-x-large-font-size\">Un loc de tr\u0103ire duhovniceasc\u0103 sincer\u0103: ascultare, iertare, prezen\u021b\u0103 \u0219i pace. Credem c\u0103 Dumnezeu se \u00eent\u00e2lne\u015fte cu omul \u015fi \u00een biseric\u0103, \u015fi \u00een buc\u0103t\u0103rie, \u015fi \u00een lacrimi, \u015fi \u00een bucurii mici.<\/p>\n\n\n\n<p class=\"has-x-large-font-size\">Nu oferim re\u0163ete; oferim \u00eentreb\u0103ri care deschid, rug\u0103ciuni care \u00eenc\u0103lzesc \u015fi cuvinte care a\u015faz\u0103. <\/p>\n\n\n\n<p class=\"has-x-large-font-size\">\u201eNu perfec\u0163iune, ci prezen\u0163\u0103.\u201d<\/p>\n\n\n\n<div style=\"height:0px\" aria-hidden=\"true\" class=\"wp-block-spacer wp-container-content-36c51660\"><\/div>\n<\/div>\n<\/div>\n\n\n\n<div class=\"wp-block-column is-layout-flow wp-block-column-is-layout-flow\" style=\"flex-basis:12vw\"><\/div>\n\n\n\n<div class=\"wp-block-column is-layout-flow wp-block-column-is-layout-flow\">\n<div class=\"wp-block-group is-content-justification-right is-nowrap is-layout-flex wp-container-core-group-is-layout-17124a9a wp-block-group-is-layout-flex\">\n<p class=\"has-text-align-left\" style=\"line-height:0.6;text-transform:uppercase;writing-mode:vertical-rl\">Practici    ale    inimii<\/p>\n<\/div>\n<\/div>\n<\/div>\n\n\n\n<div class=\"wp-block-columns alignfull is-style-section-2 has-background is-layout-flex wp-container-core-columns-is-layout-d9884270 wp-block-columns-is-layout-flex is-style-section-2--1\" style=\"background:linear-gradient(135deg,rgb(247,242,234) 0%,rgb(90,106,114) 100%);padding-top:0;padding-bottom:0\">\n<div class=\"wp-block-column is-layout-flow wp-block-column-is-layout-flow\" style=\"flex-basis:50%\">\n<div class=\"wp-block-group is-vertical is-content-justification-stretch is-layout-flex wp-container-core-group-is-layout-098fff0a wp-block-group-is-layout-flex\" style=\"min-height:33vh;padding-top:var(--wp--preset--spacing--50);padding-right:var(--wp--preset--spacing--50);padding-bottom:var(--wp--preset--spacing--50);padding-left:var(--wp--preset--spacing--50)\">\n<p>Trei pa\u0219i simpli<\/p>\n\n\n\n<ol class=\"wp-block-list\">\n<li>Ascult\u0103: opre\u0219te zgomotul, las\u0103 inima s\u0103 spun\u0103 adev\u0103rul.<\/li>\n\n\n\n<li>Roste\u0219te: o rug\u0103ciune scurt\u0103, dar sincer\u0103.<\/li>\n\n\n\n<li>Tr\u0103ie\u0219te: un gest mic de lumin\u0103 pentru cineva ast\u0103zi.<\/li>\n<\/ol>\n\n\n\n<p>\u201eNu perfec\u021biune, ci prezen\u021b\u0103.\u201d<\/p>\n\n\n\n<div style=\"height:0px\" aria-hidden=\"true\" class=\"wp-block-spacer wp-container-content-6388d5dc\"><\/div>\n\n\n\n<h2 class=\"wp-block-heading has-xx-large-font-size\"><a href=\"#\"><\/a><a href=\"#samanta\">\u00cencepe de aici<\/a><\/h2>\n<\/div>\n<\/div>\n\n\n\n<div class=\"wp-block-column is-layout-flow wp-block-column-is-layout-flow\" style=\"flex-basis:50%\">\n<div class=\"wp-block-cover is-light\"><img loading=\"lazy\" decoding=\"async\" width=\"1200\" height=\"798\" class=\"wp-block-cover__image-background wp-image-53\" alt=\"Close up photo of white flowers on a grey background\" src=\"https:\/\/tainainimii.ro\/wp-content\/uploads\/2025\/10\/botany-flowers-closeup.webp\" data-object-fit=\"cover\" srcset=\"https:\/\/tainainimii.ro\/wp-content\/uploads\/2025\/10\/botany-flowers-closeup.webp 1200w, https:\/\/tainainimii.ro\/wp-content\/uploads\/2025\/10\/botany-flowers-closeup-300x200.webp 300w, https:\/\/tainainimii.ro\/wp-content\/uploads\/2025\/10\/botany-flowers-closeup-1024x681.webp 1024w, https:\/\/tainainimii.ro\/wp-content\/uploads\/2025\/10\/botany-flowers-closeup-768x511.webp 768w\" sizes=\"auto, (max-width: 1200px) 100vw, 1200px\" \/><span aria-hidden=\"true\" class=\"wp-block-cover__background has-background-dim-0 has-background-dim\"><\/span><div class=\"wp-block-cover__inner-container is-layout-flow wp-block-cover-is-layout-flow\">\n<div style=\"height:var(--wp--preset--spacing--20)\" aria-hidden=\"true\" class=\"wp-block-spacer\"><\/div>\n<\/div><\/div>\n<\/div>\n<\/div>\n<\/div>\n\n\n\n<p><\/p>\n","protected":false},"excerpt":{"rendered":"<p>\u201eNu tot ce doare e pierdere. Uneori, durerea e chemarea inimii \u00eenapoi spre adev\u0103r. Aici, r\u0103nile nu se ascund: se a\u0219az\u0103 la lumin\u0103, pentru a deveni \u00een timp pace.\u201d Un loc de tr\u0103ire duhovniceasc\u0103 sincer\u0103: ascultare, iertare, prezen\u021b\u0103 \u0219i pace. Credem c\u0103 Dumnezeu se \u00eent\u00e2lne\u015fte cu omul \u015fi \u00een biseric\u0103, \u015fi \u00een buc\u0103t\u0103rie, \u015fi \u00een [&hellip;]<\/p>\n","protected":false},"author":1,"featured_media":0,"parent":0,"menu_order":0,"comment_status":"closed","ping_status":"closed","template":"","meta":{"_acf_changed":false,"footnotes":""},"class_list":["post-52","page","type-page","status-publish","hentry"],"acf":[],"_links":{"self":[{"href":"https:\/\/tainainimii.ro\/index.php?rest_route=\/wp\/v2\/pages\/52","targetHints":{"allow":["GET"]}}],"collection":[{"href":"https:\/\/tainainimii.ro\/index.php?rest_route=\/wp\/v2\/pages"}],"about":[{"href":"https:\/\/tainainimii.ro\/index.php?rest_route=\/wp\/v2\/types\/page"}],"author":[{"embeddable":true,"href":"https:\/\/tainainimii.ro\/index.php?rest_route=\/wp\/v2\/users\/1"}],"replies":[{"embeddable":true,"href":"https:\/\/tainainimii.ro\/index.php?rest_route=%2Fwp%2Fv2%2Fcomments&post=52"}],"version-history":[{"count":5,"href":"https:\/\/tainainimii.ro\/index.php?rest_route=\/wp\/v2\/pages\/52\/revisions"}],"predecessor-version":[{"id":70,"href":"https:\/\/tainainimii.ro\/index.php?rest_route=\/wp\/v2\/pages\/52\/revisions\/70"}],"wp:attachment":[{"href":"https:\/\/tainainimii.ro\/index.php?rest_route=%2Fwp%2Fv2%2Fmedia&parent=52"}],"curies":[{"name":"wp","href":"https:\/\/api.w.org\/{rel}","templated":true}]}}